{"id":118,"date":"2024-02-29T19:29:20","date_gmt":"2024-02-29T17:29:20","guid":{"rendered":"https:\/\/tthurner.hak-digital.at\/?page_id=118"},"modified":"2024-02-29T21:19:19","modified_gmt":"2024-02-29T19:19:19","slug":"freizeitaktivitaeten","status":"publish","type":"page","link":"https:\/\/tthurner.hak-digital.at\/?page_id=118","title":{"rendered":"Freizeitaktivit\u00e4ten"},"content":{"rendered":"\n<h2 class=\"wp-block-heading\"><\/h2>\n\n\n\n<div class=\"wp-block-columns alignwide is-layout-flex wp-container-core-columns-layout-1 wp-block-columns-is-layout-flex\" style=\"margin-bottom:0\">\n<div class=\"wp-block-column has-text-color has-background has-link-color wp-elements-28ce8e771de0d503fa29590f5993ccc0 is-layout-flow wp-block-column-is-layout-flow\" style=\"color:#000000;background-color:#b1d7ee;padding-top:2em;padding-right:2em;padding-bottom:2em;padding-left:2em\">\n<h2 class=\"wp-block-heading\" id=\"single\" style=\"font-size:35px\"><strong>Freunde treffen<\/strong><\/h2>\n\n\n\n<p class=\"has-normal-font-size\" style=\"line-height:1.5\"><strong>Die sch\u00f6nste Zeit.<\/strong><\/p>\n\n\n\n<hr class=\"wp-block-separator has-text-color has-css-opacity has-background is-style-wide\" style=\"background-color:#000000;color:#000000\"\/>\n\n\n\n<p>Am liebsten verbringe ich meine Zeit mit meinen Freunden und meinem Freund.<\/p>\n\n\n\n<p>Wir unternehmen alles m\u00f6gliche zusammen und es ist niemals langweilig.<\/p>\n\n\n\n<p>Bei ihnen f\u00fchle ich mich wohl und sie schaffen es immer mich aufzumuntern.<\/p>\n\n\n\n<div class=\"wp-block-buttons alignfull is-horizontal is-content-justification-center is-layout-flex wp-container-core-buttons-layout-1 wp-block-buttons-is-layout-flex\"><\/div>\n<\/div>\n\n\n\n<div class=\"wp-block-column has-text-color has-background has-link-color wp-elements-f9d6e9756e1fb57e2e10ec84dcd19d4d is-layout-flow wp-block-column-is-layout-flow\" style=\"color:#000000;background-color:#d1d1e1;padding-top:2em;padding-right:2em;padding-bottom:2em;padding-left:2em\">\n<h2 class=\"wp-block-heading\" id=\"family\" style=\"font-size:35px\"><strong>Trainieren <\/strong><\/h2>\n\n\n\n<p class=\"has-normal-font-size\" style=\"line-height:1.5\"><strong>Bewegung ist wichtig.<\/strong><\/p>\n\n\n\n<hr class=\"wp-block-separator has-css-opacity is-style-wide\"\/>\n\n\n\n<p>Ich habe mir bestimmte Ziele f\u00fcr mich selbst gesetzt, welche ich unbedingt erreichen m\u00f6chte. Beim Trainieren habe ich immer einen klaren Kopf und kann auch mal abschalten und einfach machen ohne mir gro\u00df Gedanken \u00fcber alles m\u00f6gliche machen zu m\u00fcssen.<\/p>\n\n\n\n<p>Eine Auszeit ist f\u00fcr jeden Mal wichtig.<\/p>\n\n\n\n<div class=\"wp-block-buttons alignfull is-horizontal is-content-justification-center is-layout-flex wp-container-core-buttons-layout-2 wp-block-buttons-is-layout-flex\">\n<div class=\"wp-block-button has-custom-width wp-block-button__width-100 is-style-outline\"><a class=\"wp-block-button__link has-black-color has-white-background-color has-text-color has-background no-border-radius wp-element-button\" href=\"https:\/\/getufit.at\/korneuburg\" target=\"_blank\" rel=\"noreferrer noopener\">GetUFit<\/a><\/div>\n<\/div>\n<\/div>\n\n\n\n<div class=\"wp-block-column has-text-color has-background has-link-color wp-elements-6c9430cd48dc80d957d0c6cc4bd88638 is-layout-flow wp-block-column-is-layout-flow\" style=\"color:#000000;background-color:#c0ebf1;padding-top:2em;padding-right:2em;padding-bottom:2em;padding-left:2em\">\n<h2 class=\"wp-block-heading\" id=\"patron\" style=\"font-size:28px\"><strong>Zeit mit meinen Geschwistern verbringen<\/strong><\/h2>\n\n\n\n<p class=\"has-normal-font-size\"><strong>Immer an erster Stelle.<\/strong><\/p>\n\n\n\n<hr class=\"wp-block-separator has-css-opacity is-style-wide\"\/>\n\n\n\n<p>Wir unterst\u00fctzen uns immer und zu jeder Zeit. Es ist mir sehr wichtig Zeit mit meinen Geschwistern zu verbringen, da sie mir sehr viel bedeuten sind und wir immer Spa\u00df zusammen haben.<\/p>\n\n\n\n<p><\/p>\n\n\n\n<div class=\"wp-block-buttons alignfull is-horizontal is-content-justification-center is-layout-flex wp-container-core-buttons-layout-3 wp-block-buttons-is-layout-flex\"><\/div>\n<\/div>\n<\/div>\n\n\n\n<h2 class=\"wp-block-heading\"><\/h2>\n","protected":false},"excerpt":{"rendered":"<p>Freunde treffen Die sch\u00f6nste Zeit. Am liebsten verbringe ich meine Zeit mit meinen Freunden und meinem Freund. Wir unternehmen alles m\u00f6gliche zusammen und es ist niemals langweilig. Bei ihnen f\u00fchle ich mich wohl und sie schaffen es immer mich aufzumuntern. Trainieren Bewegung ist wichtig. Ich habe mir bestimmte Ziele f\u00fcr mich selbst gesetzt, welche ich&#8230;<\/p>\n","protected":false},"author":1,"featured_media":0,"parent":0,"menu_order":0,"comment_status":"closed","ping_status":"closed","template":"","meta":{"ngg_post_thumbnail":0,"_kad_post_transparent":"","_kad_post_title":"","_kad_post_layout":"","_kad_post_sidebar_id":"","_kad_post_content_style":"","_kad_post_vertical_padding":"","_kad_post_feature":"","_kad_post_feature_position":"","_kad_post_header":false,"_kad_post_footer":false,"footnotes":""},"_links":{"self":[{"href":"https:\/\/tthurner.hak-digital.at\/index.php?rest_route=\/wp\/v2\/pages\/118"}],"collection":[{"href":"https:\/\/tthurner.hak-digital.at\/index.php?rest_route=\/wp\/v2\/pages"}],"about":[{"href":"https:\/\/tthurner.hak-digital.at\/index.php?rest_route=\/wp\/v2\/types\/page"}],"author":[{"embeddable":true,"href":"https:\/\/tthurner.hak-digital.at\/index.php?rest_route=\/wp\/v2\/users\/1"}],"replies":[{"embeddable":true,"href":"https:\/\/tthurner.hak-digital.at\/index.php?rest_route=%2Fwp%2Fv2%2Fcomments&post=118"}],"version-history":[{"count":7,"href":"https:\/\/tthurner.hak-digital.at\/index.php?rest_route=\/wp\/v2\/pages\/118\/revisions"}],"predecessor-version":[{"id":168,"href":"https:\/\/tthurner.hak-digital.at\/index.php?rest_route=\/wp\/v2\/pages\/118\/revisions\/168"}],"wp:attachment":[{"href":"https:\/\/tthurner.hak-digital.at\/index.php?rest_route=%2Fwp%2Fv2%2Fmedia&parent=118"}],"curies":[{"name":"wp","href":"https:\/\/api.w.org\/{rel}","templated":true}]}}